{"id":6055,"date":"2021-09-09T10:11:52","date_gmt":"2021-09-09T02:11:52","guid":{"rendered":"https:\/\/www.wtauserver.com\/?page_id=6055"},"modified":"2025-06-11T16:23:23","modified_gmt":"2025-06-11T08:23:23","slug":"acerca-de","status":"publish","type":"page","link":"https:\/\/www.wtauserver.com\/es\/acerca-de\/","title":{"rendered":"Introducci\u00f3n a Weite"},"content":{"rendered":"<p><img loading=\"lazy\" decoding=\"async\" class=\"alignnone size-full wp-image-6864\" src=\"https:\/\/www.wtauserver.com\/wp-content\/uploads\/2025\/06\/dd6f83435ec60e2201fefc1d85bb3af7.webp\" alt=\"Microtec con inteligencia\" width=\"1400\" height=\"446\" srcset=\"https:\/\/www.wtauserver.com\/wp-content\/uploads\/2025\/06\/dd6f83435ec60e2201fefc1d85bb3af7.webp 1400w, https:\/\/www.wtauserver.com\/wp-content\/uploads\/2025\/06\/dd6f83435ec60e2201fefc1d85bb3af7-300x96.webp 300w, https:\/\/www.wtauserver.com\/wp-content\/uploads\/2025\/06\/dd6f83435ec60e2201fefc1d85bb3af7-1024x326.webp 1024w, https:\/\/www.wtauserver.com\/wp-content\/uploads\/2025\/06\/dd6f83435ec60e2201fefc1d85bb3af7-768x245.webp 768w, https:\/\/www.wtauserver.com\/wp-content\/uploads\/2025\/06\/dd6f83435ec60e2201fefc1d85bb3af7-18x6.webp 18w\" sizes=\"auto, (max-width: 1400px) 100vw, 1400px\" \/><\/p>\n<h2><span style=\"color: #ff0000;\">Perfil de micro:<\/span><\/h2>\n<p>En 2002, en yichang, hubei, la capital mundial de la energ\u00eda hidroel\u00e9ctrica, dos j\u00f3venes con el sue\u00f1o de emprender se reunieron y weite naci\u00f3. Peque\u00f1o pero especial, centrarse en el campo de la seguridad de la gr\u00faa<strong>Waitor<\/strong>(camarero). Esta es la intenci\u00f3n original, estableciendo el gen subyacente de microtec \"centrado en el usuario\". JiangXin TeYong despu\u00e9s de 20 a\u00f1os, con una representaci\u00f3n de la nueva vida, ha crecido, y para las nuevas prioridades nacionales \"gigantes\" de empresas, empresas de alta y nueva tecnolog\u00eda, pa\u00edses de fabricaci\u00f3n, el dise\u00f1o industrial a nivel empresarial de las ventajas, el centro nacional de propiedad intelectual, las normas nacionales de redacci\u00f3n, Qing a partir de negocios de equipamientos de seguridad DaQi.<\/p>\n<p>&nbsp;<\/p>\n<p><strong>La demanda de los usuarios es la fuerza motriz y la direcci\u00f3n de la innovaci\u00f3n de Microtek.<\/strong><\/p>\n<p>Desde su fundaci\u00f3n, Microtek ha superado dificultades en soluciones de seguridad para equipos de elevaci\u00f3n de superproyectos como la presa de las Tres Gargantas, el puente Hong Kong-Zhuhai-Macao, el puente Beipanjiang, el puerto de Yangshan, la construcci\u00f3n de ferrocarriles de alta velocidad, el desv\u00edo de aguas de sur a norte, etc. En el puente de la gaviota 3600T buque gr\u00faa, Tiankun cabrestante buque de succi\u00f3n, Taishan 20000T puente gr\u00faa, China Railway 2000T gr\u00faa p\u00f3rtico, 900T marco de transporte de la m\u00e1quina integrada, Liebherr 750T gr\u00faas sobre orugas y otros grandes e importantes equipos de elevaci\u00f3n una y otra vez para desafiar a la m\u00e1s segura, m\u00e1s fiable soluciones inteligentes.<\/p>\n<p>Un caso de proyecto tras otro, Microtek ha acumulado un gran n\u00famero de soluciones de seguridad en diferentes escenarios de elevaci\u00f3n, y ha cultivado un grupo de equipos con tecnolog\u00eda de soluci\u00f3n de escenarios de elevaci\u00f3n complejos y capacidad de servicio, que se ha convertido en la competencia central de Microtek.<\/p>\n<p>&nbsp;<\/p>\n<p><strong>Una v\u00eda importante de la innovaci\u00f3n de Microtek es la cooperaci\u00f3n en profundidad centrada en el usuario y conjunta entre usuarios, institutos y universidades para transformar los logros tecnol\u00f3gicos.<\/strong><\/p>\n<p>Microtek invirti\u00f3 en la construcci\u00f3n del Instituto de Investigaci\u00f3n de Tecnolog\u00eda Industrial Sensor IOT conjuntamente con la Universidad Tecnol\u00f3gica de Wuhan, la Universidad Jiaotong de Xi'an, la Universidad de Wuhan, la Universidad de las Tres Gargantas y otras 15 instituciones para llevar a cabo la cooperaci\u00f3n t\u00e9cnica, es el Departamento Provincial de Ciencia y Tecnolog\u00eda de Hubei del proyecto para apoyar el enfoque de las nuevas instituciones de I + D. El instituto lleva a cabo investigaci\u00f3n y desarrollo de tecnolog\u00eda industrial clave, transformaci\u00f3n de logros, incubaci\u00f3n y cultivo de la industria, etc., y ha establecido 6 plataformas de investigaci\u00f3n y desarrollo t\u00e9cnico, como el Centro Provincial de Investigaci\u00f3n y Desarrollo de Seguridad de Elevaci\u00f3n y Control Inteligente, el Laboratorio de Sensor IOT, el Centro de Investigaci\u00f3n y Desarrollo de Big Data de Wuhan, etc.; el equipo central de I + D ha sido galardonado con m\u00e1s de 240 patentes, una serie de logros cient\u00edficos y tecnol\u00f3gicos y premios al progreso, y ha participado en la redacci\u00f3n de m\u00e1s de 30 normas nacionales e industriales.<\/p>\n<p>Microtek explora continuamente nuevas tecnolog\u00edas y productos para la supervisi\u00f3n de la seguridad con el apoyo del Instituto de Investigaci\u00f3n de Tecnolog\u00eda Industrial. Entre los principales productos se incluyen: dispositivos de protecci\u00f3n de seguridad de equipos de elevaci\u00f3n; sistema de gesti\u00f3n de pesaje din\u00e1mico y preciso de gr\u00faas; sistema de diagn\u00f3stico y mantenimiento predictivo en l\u00ednea de piezas giratorias de gr\u00faas; ensayos no destructivos en l\u00ednea de cables met\u00e1licos; sistema de supervisi\u00f3n y evaluaci\u00f3n de la vida \u00fatil en l\u00ednea de la tensi\u00f3n estructural de gr\u00faas; sistema de supervisi\u00f3n inteligente y en l\u00ednea de la estructura met\u00e1lica de elevaci\u00f3n de centrales hidroel\u00e9ctricas; plataforma de gesti\u00f3n de tecnolog\u00eda de la informaci\u00f3n y operaciones de seguridad de gr\u00faas; soluciones inteligentes de transformaci\u00f3n de gr\u00faas, etc.<\/p>\n<p>&nbsp;<\/p>\n<p>Microtek, siempre tenga en cuenta el \"Waitor\" del coraz\u00f3n original, control de calidad a trav\u00e9s de todo el proceso de servicio, investigaci\u00f3n del sitio, dise\u00f1o del programa, producci\u00f3n y montaje, pruebas de puesta en marcha, inspecci\u00f3n de f\u00e1brica, instalaci\u00f3n y puesta en marcha, mantenimiento t\u00e9cnico ...... todo el proceso de seguimiento puede ser rastreado. El equipo de servicio de ingenieros superiores ha acumulado una gran experiencia de campo, puede hacer frente a una variedad de condiciones de elevaci\u00f3n complejas para proporcionar soluciones de seguridad fiables, para proporcionar a los usuarios servicios de \"proyecto llave en mano\".<\/p>\n<p>En los \u00faltimos veinte a\u00f1os, Microtek se ha adherido al esp\u00edritu artesanal de hacer las cosas a fondo, y ha ganado la cooperaci\u00f3n a largo plazo de cientos de grandes grupos empresariales nacionales en virtud de su excelente tecnolog\u00eda, calidad fiable, servicio de primera clase y buena reputaci\u00f3n. Las divisiones de negocio en diferentes industrias, arado profundo, se ha convertido en un socio de CNOOC, Yangtze River Power, China Railway Group, China Communications Group, Baowu Group, China Shipbuilding Heavy Industry y otras empresas. La Divisi\u00f3n Internacional ha establecido equipos de servicio locales en Singapur, Indonesia y otros pa\u00edses, y ha exportado productos a m\u00e1s de 70 pa\u00edses de todo el mundo.<\/p>\n<p>Microtek, siempre estar\u00e1 sin distracciones, con un coraz\u00f3n de artesano, centr\u00e1ndose en la investigaci\u00f3n en el campo de la gesti\u00f3n de la seguridad de los equipos de elevaci\u00f3n, liderando la industria de la gesti\u00f3n de big data de gr\u00faas, servicios de monitorizaci\u00f3n del ciclo de vida completo, direcci\u00f3n del ecosistema de elevaci\u00f3n inteligente, \u00a1y aspirando a convertirse en un l\u00edder mundial en el campo de la gesti\u00f3n de la seguridad de elevaci\u00f3n!<\/p>\n<p>&nbsp;<\/p>\n<h2><span style=\"color: #ff0000;\">Video promocional de micro:<\/span><\/h2>\n<p><video controls=\"controls\" width=\"449\" height=\"449\"><source src=\"https:\/\/b2b-material.cdn.bcebos.com\/66924713\/Dmk4Y4pD3MOuNaArPPdGBxKCW6Y.mp4\" type=\"video\/mp4\" \/><\/video><\/p>\n<p>&nbsp;<\/p>\n<p>&nbsp;<\/p>\n<h2><span style=\"color: #ff0000;\">Calidad de micro micro:<\/span><\/h2>\n<p><img loading=\"lazy\" decoding=\"async\" class=\"alignnone wp-image-6866 size-full\" src=\"https:\/\/www.wtauserver.com\/wp-content\/uploads\/2025\/06\/8acb82debac7b4fd83ae3968466789fb.webp\" alt=\"Calificaciones certificadas a nivel nacional\" width=\"1400\" height=\"833\" srcset=\"https:\/\/www.wtauserver.com\/wp-content\/uploads\/2025\/06\/8acb82debac7b4fd83ae3968466789fb.webp 1400w, https:\/\/www.wtauserver.com\/wp-content\/uploads\/2025\/06\/8acb82debac7b4fd83ae3968466789fb-300x179.webp 300w, https:\/\/www.wtauserver.com\/wp-content\/uploads\/2025\/06\/8acb82debac7b4fd83ae3968466789fb-1024x609.webp 1024w, https:\/\/www.wtauserver.com\/wp-content\/uploads\/2025\/06\/8acb82debac7b4fd83ae3968466789fb-768x457.webp 768w, https:\/\/www.wtauserver.com\/wp-content\/uploads\/2025\/06\/8acb82debac7b4fd83ae3968466789fb-18x12.webp 18w\" sizes=\"auto, (max-width: 1400px) 100vw, 1400px\" \/><\/p>\n<p><img loading=\"lazy\" decoding=\"async\" class=\"alignnone size-full wp-image-6867\" src=\"https:\/\/www.wtauserver.com\/wp-content\/uploads\/2025\/06\/b507bab358ce2cb6aa0618613a67f923.webp\" alt=\"Certificaci\u00f3n y calificaci\u00f3n\" width=\"1400\" height=\"805\" srcset=\"https:\/\/www.wtauserver.com\/wp-content\/uploads\/2025\/06\/b507bab358ce2cb6aa0618613a67f923.webp 1400w, https:\/\/www.wtauserver.com\/wp-content\/uploads\/2025\/06\/b507bab358ce2cb6aa0618613a67f923-300x173.webp 300w, https:\/\/www.wtauserver.com\/wp-content\/uploads\/2025\/06\/b507bab358ce2cb6aa0618613a67f923-1024x589.webp 1024w, https:\/\/www.wtauserver.com\/wp-content\/uploads\/2025\/06\/b507bab358ce2cb6aa0618613a67f923-768x442.webp 768w, https:\/\/www.wtauserver.com\/wp-content\/uploads\/2025\/06\/b507bab358ce2cb6aa0618613a67f923-18x10.webp 18w\" sizes=\"auto, (max-width: 1400px) 100vw, 1400px\" \/><\/p>\n<p><img loading=\"lazy\" decoding=\"async\" class=\"alignnone size-full wp-image-6868\" src=\"https:\/\/www.wtauserver.com\/wp-content\/uploads\/2025\/06\/b81298f1123b160f8fa943f9a60ae144.webp\" alt=\"\" width=\"1400\" height=\"833\" srcset=\"https:\/\/www.wtauserver.com\/wp-content\/uploads\/2025\/06\/b81298f1123b160f8fa943f9a60ae144.webp 1400w, https:\/\/www.wtauserver.com\/wp-content\/uploads\/2025\/06\/b81298f1123b160f8fa943f9a60ae144-300x179.webp 300w, https:\/\/www.wtauserver.com\/wp-content\/uploads\/2025\/06\/b81298f1123b160f8fa943f9a60ae144-1024x609.webp 1024w, https:\/\/www.wtauserver.com\/wp-content\/uploads\/2025\/06\/b81298f1123b160f8fa943f9a60ae144-768x457.webp 768w, https:\/\/www.wtauserver.com\/wp-content\/uploads\/2025\/06\/b81298f1123b160f8fa943f9a60ae144-18x12.webp 18w\" sizes=\"auto, (max-width: 1400px) 100vw, 1400px\" \/><\/p>\n<p>&nbsp;<\/p>","protected":false},"excerpt":{"rendered":"<p>Introducci\u00f3n de weite: en 2002, en yichang, hubei, la capital mundial de la energ\u00eda hidroel\u00e9ctrica, dos j\u00f3venes con el sue\u00f1o de emprender se reunieron y \"weite\" naci\u00f3. El peque\u00f1o [...]<\/p>","protected":false},"author":1,"featured_media":0,"parent":0,"menu_order":0,"comment_status":"closed","ping_status":"closed","template":"","meta":{"footnotes":""},"class_list":["post-6055","page","type-page","status-publish","hentry"],"_links":{"self":[{"href":"https:\/\/www.wtauserver.com\/es\/wp-json\/wp\/v2\/pages\/6055","targetHints":{"allow":["GET"]}}],"collection":[{"href":"https:\/\/www.wtauserver.com\/es\/wp-json\/wp\/v2\/pages"}],"about":[{"href":"https:\/\/www.wtauserver.com\/es\/wp-json\/wp\/v2\/types\/page"}],"author":[{"embeddable":true,"href":"https:\/\/www.wtauserver.com\/es\/wp-json\/wp\/v2\/users\/1"}],"replies":[{"embeddable":true,"href":"https:\/\/www.wtauserver.com\/es\/wp-json\/wp\/v2\/comments?post=6055"}],"version-history":[{"count":0,"href":"https:\/\/www.wtauserver.com\/es\/wp-json\/wp\/v2\/pages\/6055\/revisions"}],"wp:attachment":[{"href":"https:\/\/www.wtauserver.com\/es\/wp-json\/wp\/v2\/media?parent=6055"}],"curies":[{"name":"wp","href":"https:\/\/api.w.org\/{rel}","templated":true}]}}