{"id":6061,"date":"2021-09-09T10:13:48","date_gmt":"2021-09-09T02:13:48","guid":{"rendered":"https:\/\/www.wtauserver.com\/?page_id=6061"},"modified":"2025-06-11T15:21:59","modified_gmt":"2025-06-11T07:21:59","slug":"contactos","status":"publish","type":"page","link":"https:\/\/www.wtauserver.com\/es\/acerca-de\/contactos\/","title":{"rendered":"P\u00f3ngase en contacto con nosotros"},"content":{"rendered":"<p>Wtau Tecnolog\u00eda Co., Ltd.<\/p>\n<p>Tel\u00e9fono de asesoramiento 24 horas: 13972023522<\/p>\n<p>Tel\u00e9fono fijo: 0717-6922999<\/p>\n<p>Correo electr\u00f3nico: jiuzhaigouguide@gmail.com<\/p>\n<p>Direcci\u00f3n: Calle Gangcheng N.\u00ba 6, Zona de Yichang,\nZona de Libre Comercio Piloto de China (Hubei)<\/p>","protected":false},"excerpt":{"rendered":"<p>Micro technology co., LTD 24 horas de consulta tel\u00e9fono: 13972023522 l\u00ednea fija: 0717-6922999 correo electr\u00f3nico: jiuzha [...]<\/p>","protected":false},"author":1,"featured_media":0,"parent":6055,"menu_order":0,"comment_status":"closed","ping_status":"closed","template":"","meta":{"footnotes":""},"class_list":["post-6061","page","type-page","status-publish","hentry"],"_links":{"self":[{"href":"https:\/\/www.wtauserver.com\/es\/wp-json\/wp\/v2\/pages\/6061","targetHints":{"allow":["GET"]}}],"collection":[{"href":"https:\/\/www.wtauserver.com\/es\/wp-json\/wp\/v2\/pages"}],"about":[{"href":"https:\/\/www.wtauserver.com\/es\/wp-json\/wp\/v2\/types\/page"}],"author":[{"embeddable":true,"href":"https:\/\/www.wtauserver.com\/es\/wp-json\/wp\/v2\/users\/1"}],"replies":[{"embeddable":true,"href":"https:\/\/www.wtauserver.com\/es\/wp-json\/wp\/v2\/comments?post=6061"}],"version-history":[{"count":0,"href":"https:\/\/www.wtauserver.com\/es\/wp-json\/wp\/v2\/pages\/6061\/revisions"}],"up":[{"embeddable":true,"href":"https:\/\/www.wtauserver.com\/es\/wp-json\/wp\/v2\/pages\/6055"}],"wp:attachment":[{"href":"https:\/\/www.wtauserver.com\/es\/wp-json\/wp\/v2\/media?parent=6061"}],"curies":[{"name":"wp","href":"https:\/\/api.w.org\/{rel}","templated":true}]}}