{"id":6860,"date":"2025-06-11T16:06:50","date_gmt":"2025-06-11T08:06:50","guid":{"rendered":"https:\/\/www.wtauserver.com\/?page_id=6860"},"modified":"2025-06-11T16:06:50","modified_gmt":"2025-06-11T08:06:50","slug":"certificates","status":"publish","type":"page","link":"https:\/\/www.wtauserver.com\/es\/acerca-de\/certificates\/","title":{"rendered":"Calificaciones y certificados"},"content":{"rendered":"<h2>Calificaciones principales actuales:<\/h2>\n<p>Certificado de empresa de alta tecnolog\u00eda 2022<\/p>\n<p>Campeones invisibles tecnolog\u00eda peque\u00f1o gigante (2020-2022)<\/p>\n<p>Taller provincial de innovaci\u00f3n laboral<\/p>\n<p>Miembro ejecutivo de la unidad provincial de comercio e industria<\/p>\n<p>Especialista en la nueva peque\u00f1a empresa gigante _ microtec<\/p>\n<p>Espacio de creaci\u00f3n colectiva a nivel nacional<\/p>\n<p>Centro nacional de dise\u00f1o industrial<\/p>\n<p>Licencia de mantenimiento de equipos especiales - clase A<\/p>\n<p>Certificaci\u00f3n del sistema de gesti\u00f3n de calidad ISO de microtec 2020-2023<\/p>\n<p>Sistema de gesti\u00f3n de propiedad intelectual<\/p>\n<p>Certificado de prueba de tipo wtl-a<\/p>\n<p>Certificado de protecci\u00f3n contra explosiones wtl-a - certificado EXD<br \/>\nce<\/p>\n<p>Proyecto de instalaci\u00f3n de equipos de elevaci\u00f3n nivel 3<\/p>\n<p>Certificado de aprobaci\u00f3n tipo sociedad de clasificaci\u00f3n<\/p>\n<p>Redacci\u00f3n del certificado \"cabina del conductor de gr\u00faas y puestos de control parte 5: puente y p\u00f3rtico\"<\/p>\n<p>Redacci\u00f3n del certificado \"principios de dise\u00f1o para la combinaci\u00f3n de sobrecarga y sobrecarga de gr\u00faas\"<\/p>\n<p>Redacci\u00f3n del certificado \"gr\u00faas de elevaci\u00f3n de seguridad\"<\/p>\n<p>Redacci\u00f3n del certificado \"bridge grab boat dumper\"<\/p>\n<p>Master certificado de redacci\u00f3n<\/p>\n<p>Certificado de redacci\u00f3n \"gr\u00faas clasificaci\u00f3n parte 1: normas generales\"<\/p>\n<p><img loading=\"lazy\" decoding=\"async\" class=\"alignnone wp-image-6861 size-full\" src=\"https:\/\/www.wtauserver.com\/wp-content\/uploads\/2025\/06\/1-1.webp\" alt=\"Calificaci\u00f3n de micro tech LTD\" width=\"1174\" height=\"1260\" srcset=\"https:\/\/www.wtauserver.com\/wp-content\/uploads\/2025\/06\/1-1.webp 1174w, https:\/\/www.wtauserver.com\/wp-content\/uploads\/2025\/06\/1-1-280x300.webp 280w, https:\/\/www.wtauserver.com\/wp-content\/uploads\/2025\/06\/1-1-954x1024.webp 954w, https:\/\/www.wtauserver.com\/wp-content\/uploads\/2025\/06\/1-1-768x824.webp 768w, https:\/\/www.wtauserver.com\/wp-content\/uploads\/2025\/06\/1-1-11x12.webp 11w\" sizes=\"auto, (max-width: 1174px) 100vw, 1174px\" \/><\/p>\n<p><img loading=\"lazy\" decoding=\"async\" class=\"alignnone wp-image-6862 size-full\" src=\"https:\/\/www.wtauserver.com\/wp-content\/uploads\/2025\/06\/2-1.webp\" alt=\"Calificaci\u00f3n de micro tech LTD\" width=\"1170\" height=\"610\" srcset=\"https:\/\/www.wtauserver.com\/wp-content\/uploads\/2025\/06\/2-1.webp 1170w, https:\/\/www.wtauserver.com\/wp-content\/uploads\/2025\/06\/2-1-300x156.webp 300w, https:\/\/www.wtauserver.com\/wp-content\/uploads\/2025\/06\/2-1-1024x534.webp 1024w, https:\/\/www.wtauserver.com\/wp-content\/uploads\/2025\/06\/2-1-768x400.webp 768w, https:\/\/www.wtauserver.com\/wp-content\/uploads\/2025\/06\/2-1-18x9.webp 18w\" sizes=\"auto, (max-width: 1170px) 100vw, 1170px\" \/><\/p>","protected":false},"excerpt":{"rendered":"<p>Actualmente, la calificaci\u00f3n principal: certificado de empresa de alta tecnolog\u00eda 2022 campe\u00f3n invisible tecnolog\u00eda peque\u00f1o gigante (2020-2022) estudio provincial de innovaci\u00f3n de modelos de trabajo industrial y comercial [...]<\/p>","protected":false},"author":1,"featured_media":0,"parent":6055,"menu_order":0,"comment_status":"closed","ping_status":"closed","template":"","meta":{"footnotes":""},"class_list":["post-6860","page","type-page","status-publish","hentry"],"_links":{"self":[{"href":"https:\/\/www.wtauserver.com\/es\/wp-json\/wp\/v2\/pages\/6860","targetHints":{"allow":["GET"]}}],"collection":[{"href":"https:\/\/www.wtauserver.com\/es\/wp-json\/wp\/v2\/pages"}],"about":[{"href":"https:\/\/www.wtauserver.com\/es\/wp-json\/wp\/v2\/types\/page"}],"author":[{"embeddable":true,"href":"https:\/\/www.wtauserver.com\/es\/wp-json\/wp\/v2\/users\/1"}],"replies":[{"embeddable":true,"href":"https:\/\/www.wtauserver.com\/es\/wp-json\/wp\/v2\/comments?post=6860"}],"version-history":[{"count":0,"href":"https:\/\/www.wtauserver.com\/es\/wp-json\/wp\/v2\/pages\/6860\/revisions"}],"up":[{"embeddable":true,"href":"https:\/\/www.wtauserver.com\/es\/wp-json\/wp\/v2\/pages\/6055"}],"wp:attachment":[{"href":"https:\/\/www.wtauserver.com\/es\/wp-json\/wp\/v2\/media?parent=6860"}],"curies":[{"name":"wp","href":"https:\/\/api.w.org\/{rel}","templated":true}]}}