{"id":6860,"date":"2025-06-11T16:06:50","date_gmt":"2025-06-11T08:06:50","guid":{"rendered":"https:\/\/www.wtauserver.com\/?page_id=6860"},"modified":"2025-06-11T16:06:50","modified_gmt":"2025-06-11T08:06:50","slug":"certificates","status":"publish","type":"page","link":"https:\/\/www.wtauserver.com\/fr\/a-propos-de\/certificates\/","title":{"rendered":"Qualifications et certificats"},"content":{"rendered":"<h2>Qualifications principales actuelles:<\/h2>\n<p>Certificat d\u2019entreprise de haute technologie 2022<\/p>\n<p>Champion invisible technologie petit g\u00e9ant (2020-2022)<\/p>\n<p>Atelier provincial d\u2019innovation du travail<\/p>\n<p>Unit\u00e9 des membres ex\u00e9cutifs provinciaux de l\u2019industrie et du commerce<\/p>\n<p>Sp\u00e9cialiste de la nouvelle petite entreprise g\u00e9ante _ microtec<\/p>\n<p>Espace de crowdcr\u00e9ation au niveau national<\/p>\n<p>Centre national de design industriel<\/p>\n<p>Permis d\u2019entretien d\u2019\u00e9quipement sp\u00e9cial - classe A<\/p>\n<p>Certification du syst\u00e8me de gestion de la qualit\u00e9 microtec ISO 2020-2023<\/p>\n<p>Syst\u00e8me de gestion de la propri\u00e9t\u00e9 intellectuelle<\/p>\n<p>Certificat d\u2019essai de type wtl-a<\/p>\n<p>Certificat de protection contre les explosions wtl-a - certificat EXD<br \/>\nce<\/p>\n<p>Projet d\u2019installation d\u2019\u00e9quipement de levage classe 3<\/p>\n<p>Certificat d\u2019homologation par soci\u00e9t\u00e9 de classification<\/p>\n<p>R\u00e9daction du certificat \u00abcabine de grue et poste de commande partie 5: ponts et portiques\u00bb<\/p>\n<p>R\u00e9daction du certificat sur les principes de conception des combinaisons de surcharge et de surcharge des grues<\/p>\n<p>R\u00e9daction du certificat \u00abgrue de levage de s\u00e9curit\u00e9\u00bb<\/p>\n<p>R\u00e9daction du certificat \u00abpont grab boat dumper\u00bb<\/p>\n<p>Master certificat de r\u00e9daction<\/p>\n<p>R\u00e9daction du certificat de classification des grues partie 1: r\u00e8gles g\u00e9n\u00e9rales<\/p>\n<p><img loading=\"lazy\" decoding=\"async\" class=\"alignnone wp-image-6861 size-full\" src=\"https:\/\/www.wtauserver.com\/wp-content\/uploads\/2025\/06\/1-1.webp\" alt=\"Qualification de micro technologies LTD\" width=\"1174\" height=\"1260\" srcset=\"https:\/\/www.wtauserver.com\/wp-content\/uploads\/2025\/06\/1-1.webp 1174w, https:\/\/www.wtauserver.com\/wp-content\/uploads\/2025\/06\/1-1-280x300.webp 280w, https:\/\/www.wtauserver.com\/wp-content\/uploads\/2025\/06\/1-1-954x1024.webp 954w, https:\/\/www.wtauserver.com\/wp-content\/uploads\/2025\/06\/1-1-768x824.webp 768w, https:\/\/www.wtauserver.com\/wp-content\/uploads\/2025\/06\/1-1-11x12.webp 11w\" sizes=\"auto, (max-width: 1174px) 100vw, 1174px\" \/><\/p>\n<p><img loading=\"lazy\" decoding=\"async\" class=\"alignnone wp-image-6862 size-full\" src=\"https:\/\/www.wtauserver.com\/wp-content\/uploads\/2025\/06\/2-1.webp\" alt=\"Qualification de micro technologies LTD\" width=\"1170\" height=\"610\" srcset=\"https:\/\/www.wtauserver.com\/wp-content\/uploads\/2025\/06\/2-1.webp 1170w, https:\/\/www.wtauserver.com\/wp-content\/uploads\/2025\/06\/2-1-300x156.webp 300w, https:\/\/www.wtauserver.com\/wp-content\/uploads\/2025\/06\/2-1-1024x534.webp 1024w, https:\/\/www.wtauserver.com\/wp-content\/uploads\/2025\/06\/2-1-768x400.webp 768w, https:\/\/www.wtauserver.com\/wp-content\/uploads\/2025\/06\/2-1-18x9.webp 18w\" sizes=\"auto, (max-width: 1170px) 100vw, 1170px\" \/><\/p>","protected":false},"excerpt":{"rendered":"<p>Actuellement, la qualification principale: certificat d\u2019entreprise de haute technologie 2022 champion invisible technologie petit g\u00e9ant (2020-2022) travail provincial mod\u00e8le atelier d\u2019innovation industrie et commerce provinciaux [...]<\/p>","protected":false},"author":1,"featured_media":0,"parent":6055,"menu_order":0,"comment_status":"closed","ping_status":"closed","template":"","meta":{"footnotes":""},"class_list":["post-6860","page","type-page","status-publish","hentry"],"_links":{"self":[{"href":"https:\/\/www.wtauserver.com\/fr\/wp-json\/wp\/v2\/pages\/6860","targetHints":{"allow":["GET"]}}],"collection":[{"href":"https:\/\/www.wtauserver.com\/fr\/wp-json\/wp\/v2\/pages"}],"about":[{"href":"https:\/\/www.wtauserver.com\/fr\/wp-json\/wp\/v2\/types\/page"}],"author":[{"embeddable":true,"href":"https:\/\/www.wtauserver.com\/fr\/wp-json\/wp\/v2\/users\/1"}],"replies":[{"embeddable":true,"href":"https:\/\/www.wtauserver.com\/fr\/wp-json\/wp\/v2\/comments?post=6860"}],"version-history":[{"count":0,"href":"https:\/\/www.wtauserver.com\/fr\/wp-json\/wp\/v2\/pages\/6860\/revisions"}],"up":[{"embeddable":true,"href":"https:\/\/www.wtauserver.com\/fr\/wp-json\/wp\/v2\/pages\/6055"}],"wp:attachment":[{"href":"https:\/\/www.wtauserver.com\/fr\/wp-json\/wp\/v2\/media?parent=6860"}],"curies":[{"name":"wp","href":"https:\/\/api.w.org\/{rel}","templated":true}]}}